{"id":2785,"date":"2021-01-18T15:04:43","date_gmt":"2021-01-18T14:04:43","guid":{"rendered":"https:\/\/www.lenquetedessens.dealersdescience.com\/?page_id=2785"},"modified":"2021-01-20T16:03:58","modified_gmt":"2021-01-20T15:03:58","slug":"marche-des-connaissances","status":"publish","type":"page","link":"https:\/\/www.lenquetedessens.dealersdescience.com\/index.php\/marche-des-connaissances\/","title":{"rendered":"March\u00e9 des connaissances"},"content":{"rendered":"\n<div class=\"wp-block-cover alignfull\" style=\"background-image:url(https:\/\/www.lenquetedessens.dealersdescience.com\/wp-content\/uploads\/2021\/01\/banniere-md-scaled.jpg)\"><div class=\"wp-block-cover__inner-container is-layout-flow wp-block-cover-is-layout-flow\">\n<h1 class=\"has-text-align-center wp-block-heading\"><\/h1>\n\n\n\n<h3 class=\"has-text-align-center wp-block-heading\"><\/h3>\n<\/div><\/div>\n\n\n\n<div style=\"height:45px\" aria-hidden=\"true\" class=\"wp-block-spacer\"><\/div>\n\n\n\n<h1 class=\"has-text-align-center has-text-color wp-block-heading\" style=\"color:#1b2c31\">March\u00e9 des connaissances<\/h1>\n\n\n\n<p class=\"has-text-align-left\">Cette ann\u00e9e, le March\u00e9 des connaissances met \u00e0 l\u2019honneur les sens physiologiques. \u00c0 ann\u00e9e exceptionnelle, \u00e9v\u00e9nement exceptionnel. Le March\u00e9 des connaissances 2021 est compos\u00e9 de deux onglets. <\/p>\n\n\n\n<div style=\"height:45px\" aria-hidden=\"true\" class=\"wp-block-spacer\"><\/div>\n\n\n\n<h2 class=\"has-text-align-center has-text-color wp-block-heading\" style=\"color:#0a4bc1\">Les cinq sens \u00e0 la maison<\/h2>\n\n\n\n<p class=\"has-text-align-left\"><em>Les cinq sens \u00e0 la maison<\/em> est un catalogue qui recense des activit\u00e9s ludiques, des exp\u00e9riences, mais aussi des contenus scientifiques sur les cinq sens physiologiques. <\/p>\n\n\n\n<p>Disponible \u00e0 partir du mercredi 19 janvier 2021.<\/p>\n\n\n\n<div class=\"wp-block-buttons aligncenter is-layout-flex wp-block-buttons-is-layout-flex\">\n<div class=\"wp-block-button is-style-fill\"><a class=\"wp-block-button__link has-background no-border-radius\" href=\"https:\/\/www.lenquetedessens.dealersdescience.com\/index.php\/cinqsensalamaison\/\" style=\"background-color:#e09e2e\">Les cinq sens \u00e0 la maison<\/a><\/div>\n<\/div>\n\n\n\n<div style=\"height:45px\" aria-hidden=\"true\" class=\"wp-block-spacer\"><\/div>\n\n\n\n<h2 class=\"has-text-color wp-block-heading\" style=\"color:#0a4bc1\">Parle-moi de tes connaissances !<\/h2>\n\n\n\n<p class=\"has-text-align-left\"><em>Parle-moi de tes connaissances !<\/em>, un \u00ab&nbsp;Speed searching&nbsp;\u00bb en ligne avec des acteur\u00b7rices de la culture scientifique.&nbsp;L&rsquo;\u00e9v\u00e9nement aura lieu le samedi 23 janvier de 15 h \u00e0 19 h. <\/p>\n\n\n\n<p>De <strong>15 h \u00e0 16 h<\/strong> : Les pertes sensorielles avec Moustafa Bensafi, Olivier Collignon et Bertrand Verine.<\/p>\n\n\n\n<p>De <strong>16 h \u00e0 17 h<\/strong> : Le go\u00fbt et l&rsquo;odorat avec Emmanuelle Jacquin-Joly et Philippe Meyzie.<\/p>\n\n\n\n<p>De <strong>17 h \u00e0 18 h<\/strong> : La vue et l&rsquo;ou\u00efe avec J\u00e9r\u00e9my Barral, Brice Batthelier, Michel P\u00e2ques et Serge Picaud.<\/p>\n\n\n\n<p>De <strong>18 h \u00e0 19 h<\/strong> : Le toucher et nos autres sens avec Ana\u00efs Choulet, B\u00e9rang\u00e8re Fromy.<\/p>\n\n\n\n<p>N&rsquo;h\u00e9sitez pas \u00e0 vous inscrire pour le \u00ab Speed searching \u00bb et \u00e0 nous suivre sur les r\u00e9seaux sociaux ! <\/p>\n\n\n\n<p>Pour assister \u00e0 une ou plusieurs pr\u00e9sentation(s) du \u00ab Speed searching \u00bb, merci de vous inscrire en suivant ce lien : <\/p>\n\n\n\n<div class=\"wp-block-buttons aligncenter is-layout-flex wp-block-buttons-is-layout-flex\">\n<div class=\"wp-block-button is-style-fill\"><a class=\"wp-block-button__link has-background no-border-radius\" href=\"https:\/\/www.lenquetedessens.dealersdescience.com\/index.php\/parle-moi-de-tes-connaissances\/\" style=\"background-color:#e09e2e\">Parle-moi de tes connaissances !<\/a><\/div>\n<\/div>\n\n\n\n<div class=\"wp-block-columns is-layout-flex wp-container-core-columns-is-layout-9d6595d7 wp-block-columns-is-layout-flex\">\n<div class=\"wp-block-column is-vertically-aligned-center is-layout-flow wp-block-column-is-layout-flow\"><\/div>\n<\/div>\n","protected":false},"excerpt":{"rendered":"<p>March\u00e9 des connaissances Cette ann\u00e9e, le March\u00e9 des connaissances met \u00e0 l\u2019honneur les sens physiologiques. \u00c0 ann\u00e9e exceptionnelle, \u00e9v\u00e9nement exceptionnel. Le March\u00e9 des connaissances 2021 est compos\u00e9 de deux onglets. Les cinq sens \u00e0 la maison Les cinq sens \u00e0 la maison est un catalogue qui recense des activit\u00e9s ludiques, des exp\u00e9riences, mais aussi des &hellip;<\/p>\n<p class=\"read-more\"> <a class=\"\" href=\"https:\/\/www.lenquetedessens.dealersdescience.com\/index.php\/marche-des-connaissances\/\"> <span class=\"screen-reader-text\">March\u00e9 des connaissances<\/span> Lire la suite\u00a0\u00bb<\/a><\/p>\n","protected":false},"author":4,"featured_media":3424,"parent":0,"menu_order":0,"comment_status":"closed","ping_status":"closed","template":"","meta":{"site-sidebar-layout":"no-sidebar","site-content-layout":"default","ast-main-header-display":"","ast-hfb-above-header-display":"","ast-hfb-below-header-display":"","ast-hfb-mobile-header-display":"","site-post-title":"","ast-breadcrumbs-content":"","ast-featured-img":"","footer-sml-layout":"","theme-transparent-header-meta":"default","adv-header-id-meta":"","stick-header-meta":"","header-above-stick-meta":"","header-main-stick-meta":"","header-below-stick-meta":"","footnotes":""},"class_list":["post-2785","page","type-page","status-publish","has-post-thumbnail","hentry"],"_links":{"self":[{"href":"https:\/\/www.lenquetedessens.dealersdescience.com\/index.php\/wp-json\/wp\/v2\/pages\/2785","targetHints":{"allow":["GET"]}}],"collection":[{"href":"https:\/\/www.lenquetedessens.dealersdescience.com\/index.php\/wp-json\/wp\/v2\/pages"}],"about":[{"href":"https:\/\/www.lenquetedessens.dealersdescience.com\/index.php\/wp-json\/wp\/v2\/types\/page"}],"author":[{"embeddable":true,"href":"https:\/\/www.lenquetedessens.dealersdescience.com\/index.php\/wp-json\/wp\/v2\/users\/4"}],"replies":[{"embeddable":true,"href":"https:\/\/www.lenquetedessens.dealersdescience.com\/index.php\/wp-json\/wp\/v2\/comments?post=2785"}],"version-history":[{"count":15,"href":"https:\/\/www.lenquetedessens.dealersdescience.com\/index.php\/wp-json\/wp\/v2\/pages\/2785\/revisions"}],"predecessor-version":[{"id":6058,"href":"https:\/\/www.lenquetedessens.dealersdescience.com\/index.php\/wp-json\/wp\/v2\/pages\/2785\/revisions\/6058"}],"wp:featuredmedia":[{"embeddable":true,"href":"https:\/\/www.lenquetedessens.dealersdescience.com\/index.php\/wp-json\/wp\/v2\/media\/3424"}],"wp:attachment":[{"href":"https:\/\/www.lenquetedessens.dealersdescience.com\/index.php\/wp-json\/wp\/v2\/media?parent=2785"}],"curies":[{"name":"wp","href":"https:\/\/api.w.org\/{rel}","templated":true}]}}