{"id":3,"date":"2020-11-09T16:43:18","date_gmt":"2020-11-09T15:43:18","guid":{"rendered":"http:\/\/www.lenquetedessens.dealersdescience.com\/?page_id=3"},"modified":"2021-01-19T12:44:53","modified_gmt":"2021-01-19T11:44:53","slug":"politique-de-confidentialite","status":"publish","type":"page","link":"https:\/\/www.lenquetedessens.dealersdescience.com\/index.php\/politique-de-confidentialite\/","title":{"rendered":"Politique de confidentialit\u00e9"},"content":{"rendered":"\n<div class=\"wp-block-cover alignfull is-position-center-center\" style=\"background-image:url(https:\/\/www.lenquetedessens.dealersdescience.com\/wp-content\/uploads\/2021\/01\/banniere_generale-scaled.jpg);min-height:411px;aspect-ratio:unset;\"><div class=\"wp-block-cover__inner-container is-layout-flow wp-block-cover-is-layout-flow\">\n<p><\/p>\n<\/div><\/div>\n\n\n\n<div style=\"height:45px\" aria-hidden=\"true\" class=\"wp-block-spacer\"><\/div>\n\n\n\n<h1 class=\"has-text-align-center has-text-color wp-block-heading\" style=\"color:#1b2c31\">Politique de confidentialit\u00e9<\/h1>\n\n\n\n<div style=\"height:45px\" aria-hidden=\"true\" class=\"wp-block-spacer\"><\/div>\n\n\n\n<h2 class=\"has-text-color wp-block-heading\" style=\"color:#0a4bc1\">\u00c9diteur du site<\/h2>\n\n\n\n<p class=\"has-black-color has-text-color\">L\u2019adresse de ce site Web est&nbsp;: http:\/\/www.lenquetedessens.dealersdescience.com.<\/p>\n\n\n\n<h2 class=\"has-text-color wp-block-heading\" style=\"color:#0a4bc1\">H\u00e9bergeur<\/h2>\n\n\n\n<p class=\"has-black-color has-text-color\">Ce site Web est h\u00e9berg\u00e9 par OVH. <\/p>\n\n\n\n<p class=\"has-black-color has-text-color\">OVH SAS est une filiale de la soci\u00e9t\u00e9 OVH Groupe SAS, soci\u00e9t\u00e9 immatricul\u00e9e au RCS de Lille sous le num\u00e9ro 537 407 926 sise 2, rue Kellermann, 59100 Roubaix.<\/p>\n\n\n\n<h2 class=\"has-text-color wp-block-heading\" style=\"color:#0a4bc1\">Auteur\u00b7rices des textes<\/h2>\n\n\n\n<p>Les \u00e9tudiant\u00b7es du master Information et m\u00e9diation scientifique et technique, parcours M\u00e9diation des sciences (UFR Sciences des Territoires et de la Communication) sont concepteur\u00b7rices et r\u00e9alisateur\u00b7rices de ce site internet.<\/p>\n\n\n\n<p>Co-habilit\u00e9 par l\u2019Universit\u00e9 Bordeaux Montaigne et l\u2019universit\u00e9 de Bordeaux, le master Information et m\u00e9diation scientifique et technique a pour ambition d\u2019\u00e9tudier la science, son discours, ses concepts, ses relations avec la soci\u00e9t\u00e9, dans leurs dimensions historiques, philosophiques, sociologiques, \u00e9thiques et communicationnelles. (\u00a9 Universit\u00e9 Bordeaux Montaigne)<\/p>\n\n\n\n<p><a href=\"https:\/\/www.lenquetedessens.dealersdescience.com\/index.php\/credits\/\" data-type=\"URL\" data-id=\"https:\/\/www.lenquetedessens.dealersdescience.com\/index.php\/credits\/\" target=\"_blank\" rel=\"noreferrer noopener\">Cr\u00e9dits.<\/a><\/p>\n\n\n\n<h2 class=\"has-text-color wp-block-heading\" style=\"color:#0a4bc1\">Utilisation des donn\u00e9es personnelles collect\u00e9es<\/h2>\n\n\n\n<h3 class=\"has-text-color wp-block-heading\" style=\"color:#e09e2e\">Formulaires de contact<\/h3>\n\n\n\n<p>Pour les formulaires de contact nous utilisons WPForms, l\u2019extension de formulaires WordPress.<\/p>\n\n\n\n<p>Les informations compl\u00e9t\u00e9es dans le formulaire de contact ne sont pas stock\u00e9es. Elles sont directement transmises par e-mail au bureau des Dealers de Science. Lui seul aura acc\u00e8s aux donn\u00e9es.<\/p>\n\n\n\n<h3 class=\"has-text-color wp-block-heading\" style=\"color:#e09e2e\">Cookies<\/h3>\n\n\n\n<p>Si vous d\u00e9posez un commentaire sur ce site, il vous sera propos\u00e9 d\u2019enregistrer votre nom, adresse de messagerie et site web dans des cookies. C\u2019est uniquement pour votre confort afin de ne pas avoir \u00e0 saisir ces informations si vous d\u00e9posez un autre commentaire plus tard. Ces cookies expirent au bout d\u2019un an.<\/p>\n\n\n\n<p>Si vous vous rendez sur la page de connexion, un cookie temporaire sera cr\u00e9\u00e9 afin de d\u00e9terminer si votre navigateur accepte les cookies. Il ne contient pas de donn\u00e9es personnelles et sera supprim\u00e9 automatiquement \u00e0 la fermeture de votre navigateur.<\/p>\n\n\n\n<p>Lorsque vous vous connecterez, nous mettrons en place un certain nombre de cookies pour enregistrer vos informations de connexion et vos pr\u00e9f\u00e9rences d\u2019\u00e9cran. La dur\u00e9e de vie d\u2019un cookie de connexion est de deux jours, celle d\u2019un cookie d\u2019option d\u2019\u00e9cran est d\u2019un an. Si vous cochez \u00ab&nbsp;Se souvenir de moi&nbsp;\u00bb, votre cookie de connexion sera conserv\u00e9 pendant deux semaines. Si vous vous d\u00e9connectez de votre compte, le cookie de connexion sera effac\u00e9.<\/p>\n\n\n\n<p>En modifiant ou en publiant une publication, un cookie suppl\u00e9mentaire sera enregistr\u00e9 dans votre navigateur. Ce cookie ne comporte aucune donn\u00e9e personnelle. Il indique simplement l\u2019ID de la publication que vous venez de modifier. Il expire au bout d\u2019un jour.<\/p>\n\n\n\n<h3 class=\"has-text-color wp-block-heading\" style=\"color:#e09e2e\">Contenu embarqu\u00e9 depuis d\u2019autres sites<\/h3>\n\n\n\n<p>Les articles de ce site peuvent inclure des contenus int\u00e9gr\u00e9s (par exemple des vid\u00e9os, des images, des articles\u2026). Le contenu int\u00e9gr\u00e9 depuis d\u2019autres sites se comporte de la m\u00eame mani\u00e8re que si la\u00b7e visiteur\u00b7euse se rendait sur cet autre site. Ces sites web pourraient collecter des donn\u00e9es sur vous, utiliser des cookies, embarquer des outils de suivis tiers, suivre vos interactions gr\u00e2ce \u00e0 ces contenus embarqu\u00e9s si vous disposez d\u2019un compte connect\u00e9 sur leur site web.<\/p>\n\n\n\n<h2 class=\"has-text-color wp-block-heading\" style=\"color:#0a4bc1\">Utilisation et transmission de vos donn\u00e9es personnelles<\/h2>\n\n\n\n<h3 class=\"has-text-color wp-block-heading\" style=\"color:#e09e2e\">Dur\u00e9e de stockage de vos donn\u00e9es<\/h3>\n\n\n\n<p>Pour les utilisateurs et utilisatrices qui s\u2019inscrivent sur ce site (si cela est possible), nous stockons les donn\u00e9es personnelles indiqu\u00e9es dans leur profil. Tous\u00b7tes les utilisateurs et utilisatrices peuvent voir, modifier ou supprimer leurs informations personnelles \u00e0 tout moment (\u00e0 l\u2019exception de leur nom d\u2019utilisateur\u00b7ice). Les gestionnaires du site peuvent aussi voir et modifier ces informations.<\/p>\n\n\n\n<h3 class=\"has-text-color wp-block-heading\" style=\"color:#e09e2e\">Les droits que vous avez sur vos donn\u00e9es<\/h3>\n\n\n\n<p>Si vous avez un compte, vous pouvez demander \u00e0 recevoir un fichier contenant toutes les donn\u00e9es personnelles que nous poss\u00e9dons \u00e0 votre sujet, incluant celles que vous avez fournies. Vous pouvez \u00e9galement demander la suppression des donn\u00e9es personnelles vous concernant. Cela ne prend pas en compte les donn\u00e9es stock\u00e9es \u00e0 des fins administratives, l\u00e9gales ou pour des raisons de s\u00e9curit\u00e9.<\/p>\n\n\n\n<p>Conform\u00e9ment au r\u00e8glement g\u00e9n\u00e9ral sur la protection des donn\u00e9es (RGPD), toutes les donn\u00e9es recueillies pourront \u00eatre supprim\u00e9es sur simple demande \u00e0 <a rel=\"noreferrer noopener\" href=\"https:\/\/asso.dealersdescience@gmail.com.\/\" target=\"_blank\">asso.dealersdescience@gmail.com.<\/a><\/p>\n\n\n\n<h2 class=\"has-text-color wp-block-heading\" style=\"color:#0a4bc1\">Informations de contact<\/h2>\n\n\n\n<p>L&rsquo;Association Dealers de Science est une association d\u00e9clar\u00e9e sous le r\u00e9gime de la loi du 1er juillet 1901 et du d\u00e9cret du 16 ao\u00fbt 1901.<\/p>\n\n\n\n<p>Elle a pour but de principal la pratique de la m\u00e9diation scientifique dans le cadre du parcours M\u00e9diation des sciences du master Information et m\u00e9diation scientifique et technique (IMST) port\u00e9 par l\u2019Universit\u00e9 Bordeaux Montaigne et l\u2019universit\u00e9 de Bordeaux, ci-dessous d\u00e9sign\u00e9 par \u00ab master M\u00e9diation des Sciences \u00bb. Elle a aussi pour but de valoriser ce master et de cr\u00e9er un lien entre les diff\u00e9rentes promotions du master \u00e0 des fins de partage d\u2019exp\u00e9riences.<\/p>\n\n\n\n<p>Elle a son si\u00e8ge \u00e0 l\u2019UFR Sciences des Territoires et de la Communication (STC) de l\u2019Universit\u00e9 Bordeaux Montaigne, Domaine Universitaire, Pessac (33607 Pessac Cedex).<\/p>\n\n\n\n<p>Pour nous contacter par mail : asso.dealersdescience@gmail.com. <\/p>\n\n\n\n<h2 class=\"has-text-color wp-block-heading\" style=\"color:#0a4bc1\">Livestorm<\/h2>\n\n\n\n<p>Les \u00e9v\u00e9nements diffus\u00e9s sur Livestorm sont enregistr\u00e9s et rediffus\u00e9s sur le site de l&rsquo;\u00e9v\u00e9nement <em>L&rsquo;Enqu\u00eate des sens<\/em>, des Dealers de Science ainsi que sur la cha\u00eene YouTube des Dealers de Science. <\/p>\n\n\n\n<p>Conform\u00e9ment au r\u00e8glement g\u00e9n\u00e9ral sur la protection des donn\u00e9es (RGPD), toutes les donn\u00e9es recueillies pourront \u00eatre supprim\u00e9es sur simple demande \u00e0 <a rel=\"noreferrer noopener\" href=\"https:\/\/asso.dealersdescience@gmail.com.\/\" target=\"_blank\">asso.dealersdescience@gmail.com.<\/a> Les donn\u00e9es collect\u00e9es seront utilis\u00e9es seulement dans le cadre de la Semaine de Culture Scientifique et Technique 2021. Elles ne seront pas transmises \u00e0 des tiers et ne feront l&rsquo;\u0153uvre d&rsquo;aucune autre utilisation. <\/p>\n\n\n\n<p>Toutes les donn\u00e9es collect\u00e9es seront supprim\u00e9es d&rsquo;ici mars 2021 au plus tard.<\/p>\n","protected":false},"excerpt":{"rendered":"<p>Politique de confidentialit\u00e9 \u00c9diteur du site L\u2019adresse de ce site Web est&nbsp;: http:\/\/www.lenquetedessens.dealersdescience.com. H\u00e9bergeur Ce site Web est h\u00e9berg\u00e9 par OVH. OVH SAS est une filiale de la soci\u00e9t\u00e9 OVH Groupe SAS, soci\u00e9t\u00e9 immatricul\u00e9e au RCS de Lille sous le num\u00e9ro 537 407 926 sise 2, rue Kellermann, 59100 Roubaix. Auteur\u00b7rices des textes Les \u00e9tudiant\u00b7es &hellip;<\/p>\n<p class=\"read-more\"> <a class=\"\" href=\"https:\/\/www.lenquetedessens.dealersdescience.com\/index.php\/politique-de-confidentialite\/\"> <span class=\"screen-reader-text\">Politique de confidentialit\u00e9<\/span> Lire la suite\u00a0\u00bb<\/a><\/p>\n","protected":false},"author":1,"featured_media":5784,"parent":0,"menu_order":0,"comment_status":"closed","ping_status":"open","template":"","meta":{"site-sidebar-layout":"default","site-content-layout":"default","ast-main-header-display":"","ast-hfb-above-header-display":"","ast-hfb-below-header-display":"","ast-hfb-mobile-header-display":"","site-post-title":"","ast-breadcrumbs-content":"","ast-featured-img":"","footer-sml-layout":"","theme-transparent-header-meta":"default","adv-header-id-meta":"","stick-header-meta":"","header-above-stick-meta":"","header-main-stick-meta":"","header-below-stick-meta":"","footnotes":""},"class_list":["post-3","page","type-page","status-publish","has-post-thumbnail","hentry"],"_links":{"self":[{"href":"https:\/\/www.lenquetedessens.dealersdescience.com\/index.php\/wp-json\/wp\/v2\/pages\/3","targetHints":{"allow":["GET"]}}],"collection":[{"href":"https:\/\/www.lenquetedessens.dealersdescience.com\/index.php\/wp-json\/wp\/v2\/pages"}],"about":[{"href":"https:\/\/www.lenquetedessens.dealersdescience.com\/index.php\/wp-json\/wp\/v2\/types\/page"}],"author":[{"embeddable":true,"href":"https:\/\/www.lenquetedessens.dealersdescience.com\/index.php\/wp-json\/wp\/v2\/users\/1"}],"replies":[{"embeddable":true,"href":"https:\/\/www.lenquetedessens.dealersdescience.com\/index.php\/wp-json\/wp\/v2\/comments?post=3"}],"version-history":[{"count":18,"href":"https:\/\/www.lenquetedessens.dealersdescience.com\/index.php\/wp-json\/wp\/v2\/pages\/3\/revisions"}],"predecessor-version":[{"id":5237,"href":"https:\/\/www.lenquetedessens.dealersdescience.com\/index.php\/wp-json\/wp\/v2\/pages\/3\/revisions\/5237"}],"wp:featuredmedia":[{"embeddable":true,"href":"https:\/\/www.lenquetedessens.dealersdescience.com\/index.php\/wp-json\/wp\/v2\/media\/5784"}],"wp:attachment":[{"href":"https:\/\/www.lenquetedessens.dealersdescience.com\/index.php\/wp-json\/wp\/v2\/media?parent=3"}],"curies":[{"name":"wp","href":"https:\/\/api.w.org\/{rel}","templated":true}]}}