{"id":587,"date":"2020-11-23T15:29:55","date_gmt":"2020-11-23T14:29:55","guid":{"rendered":"http:\/\/www.lenquetedessens.dealersdescience.com\/?page_id=587"},"modified":"2021-01-20T12:19:18","modified_gmt":"2021-01-20T11:19:18","slug":"portraits-de-chercheures","status":"publish","type":"page","link":"https:\/\/www.lenquetedessens.dealersdescience.com\/index.php\/portraits-de-chercheures\/","title":{"rendered":"Portraits"},"content":{"rendered":"\n<div class=\"wp-block-cover alignfull is-position-center-center\" style=\"background-image:url(https:\/\/www.lenquetedessens.dealersdescience.com\/wp-content\/uploads\/2021\/01\/banniere_generale-scaled.jpg);min-height:411px;aspect-ratio:unset;\"><div class=\"wp-block-cover__inner-container is-layout-flow wp-block-cover-is-layout-flow\">\n<p><\/p>\n<\/div><\/div>\n\n\n\n<div style=\"height:45px\" aria-hidden=\"true\" class=\"wp-block-spacer\"><\/div>\n\n\n\n<h1 class=\"has-text-align-center has-text-color wp-block-heading\" style=\"color:#1b2c31\">Portraits<\/h1>\n\n\n\n<h2 class=\"has-text-align-center has-text-color wp-block-heading\" style=\"color:#e09e2e\">Chercheur\u00b7e : un m\u00e9tier qui fait sens<\/h2>\n\n\n\n<div style=\"height:45px\" aria-hidden=\"true\" class=\"wp-block-spacer\"><\/div>\n\n\n\n<p>Derri\u00e8re le grand mot \u00ab&nbsp;Science&nbsp;\u00bb, se cachent des femmes et des hommes aux parcours tr\u00e8s vari\u00e9s. Chacun\u00b7e ayant une vision particuli\u00e8re de son m\u00e9tier, un moteur pr\u00e9cis, un sujet de recherche qui lui est cher. <br>Les \u00e9tudiant\u00b7es du master M\u00e9diation des sciences en ont rencontr\u00e9 16. Le temps d&rsquo;une interview, i\u00b7elles ont r\u00e9colt\u00e9 certaines des diff\u00e9rentes conceptions que l&rsquo;on peut avoir de la Science, par celles et ceux qui la font. <\/p>\n\n\n\n<p>Quel est leur parcours ? Quels sont leurs sujets d&rsquo;\u00e9tude actuels ? Quelle orientation donnent-i\u00b7elles \u00e0 la recherche ? Quel est l&rsquo;\u00e9l\u00e9ment essentiel \u00e0 leur appartenance au vaste univers des sciences ? Passez de l&rsquo;autre c\u00f4t\u00e9 du miroir pour continuer l&rsquo;enqu\u00eate<em> <\/em>en lisant le sens que 16 professionnel\u00b7les donnent \u00e0 leur m\u00e9tier mais aussi \u00e0 la Science. <\/p>\n\n\n\n<p>Paysagistes, sociologues, biologistes ou encore informaticien\u00b7nes, i\u00b7elles se sont confi\u00e9\u00b7es dans ces portraits singuliers. Tant\u00f4t impr\u00e9gn\u00e9s de leur passion, tant\u00f4t marqu\u00e9s par la crise sanitaire, ce sont les r\u00e9cits d&rsquo;un m\u00e9tier qui fait sens : chercheur\u00b7e.<\/p>\n\n\n\n<div style=\"height:45px\" aria-hidden=\"true\" class=\"wp-block-spacer\"><\/div>\n\n\n<ul class=\"wp-block-latest-posts__list is-grid columns-3 aligncenter wp-block-latest-posts\"><li><div class=\"wp-block-latest-posts__featured-image aligncenter\"><img decoding=\"async\" width=\"150\" height=\"150\" src=\"https:\/\/www.lenquetedessens.dealersdescience.com\/wp-content\/uploads\/2021\/01\/AB-150x150.jpg\" class=\"attachment-thumbnail size-thumbnail wp-post-image\" alt=\"Photo d&#039;Abdelhamid Benazzouz. En arri\u00e8re plan se trouvent des si\u00e8ges color\u00e9s. Abdelhamid porte des lunettes marron. Il est en costume gris et en chemise bleue.\" style=\"\" \/><\/div><a class=\"wp-block-latest-posts__post-title\" href=\"https:\/\/www.lenquetedessens.dealersdescience.com\/index.php\/2020\/11\/23\/portrait-abdelhamid-benazzouz\/\">Abdelhamid : sp\u00e9cialiste de la maladie de Parkinson<\/a><\/li>\n<li><div class=\"wp-block-latest-posts__featured-image aligncenter\"><img decoding=\"async\" width=\"150\" height=\"150\" src=\"https:\/\/www.lenquetedessens.dealersdescience.com\/wp-content\/uploads\/2021\/01\/Alice_PM_0001-150x150.jpg\" class=\"attachment-thumbnail size-thumbnail wp-post-image\" alt=\"Portrait souriant d&#039;Alice Pellet-Mary, en noir et blanc. Ses cheveux boucl\u00e9s sont attach\u00e9s sur le c\u00f4t\u00e9.\" style=\"\" \/><\/div><a class=\"wp-block-latest-posts__post-title\" href=\"https:\/\/www.lenquetedessens.dealersdescience.com\/index.php\/2020\/11\/23\/portrait-alice-pellet-mary\/\">Alice : profession, casser les codes<\/a><\/li>\n<li><div class=\"wp-block-latest-posts__featured-image aligncenter\"><img decoding=\"async\" width=\"150\" height=\"150\" src=\"https:\/\/www.lenquetedessens.dealersdescience.com\/wp-content\/uploads\/2021\/01\/Photos-BA-bis-150x150.jpg\" class=\"attachment-thumbnail size-thumbnail wp-post-image\" alt=\"Portrait de Beno\u00eet Arveiler\" style=\"\" \/><\/div><a class=\"wp-block-latest-posts__post-title\" href=\"https:\/\/www.lenquetedessens.dealersdescience.com\/index.php\/2020\/11\/23\/portrait-benoit-arveiler\/\">Beno\u00eet : l&rsquo;albinisme, une maladie mal connue<\/a><\/li>\n<li><div class=\"wp-block-latest-posts__featured-image aligncenter\"><img decoding=\"async\" width=\"150\" height=\"150\" src=\"https:\/\/www.lenquetedessens.dealersdescience.com\/wp-content\/uploads\/2021\/01\/portrait-150x150.jpg\" class=\"attachment-thumbnail size-thumbnail wp-post-image\" alt=\"Portrait de Brice Goglin. C&#039;est un homme aux cheveux bruns. Il pose et sourit \u00e0 la cam\u00e9ra. Il se trouve dans un couloir \u00e9claire derri\u00e8re lui. Il porte une chemise ray\u00e9e dans le sens de la hauteur rouge et bordeaux.\" style=\"\" \/><\/div><a class=\"wp-block-latest-posts__post-title\" href=\"https:\/\/www.lenquetedessens.dealersdescience.com\/index.php\/2020\/11\/23\/portrait-brice-goglin\/\">Brice : sciences et supercalculateurs<\/a><\/li>\n<li><div class=\"wp-block-latest-posts__featured-image aligncenter\"><img decoding=\"async\" width=\"150\" height=\"150\" src=\"https:\/\/www.lenquetedessens.dealersdescience.com\/wp-content\/uploads\/2021\/01\/BC-bulle-des-cimes-en-Guyane-150x150.jpg\" class=\"attachment-thumbnail size-thumbnail wp-post-image\" alt=\"Bruno Corbara en Guyane naviguant dans la bulle des cimes.\" style=\"\" \/><\/div><a class=\"wp-block-latest-posts__post-title\" href=\"https:\/\/www.lenquetedessens.dealersdescience.com\/index.php\/2020\/11\/23\/portrait-bruno-corbara\/\">Bruno : de l&rsquo;origine des fourmis \u00e0 la canop\u00e9e tropicale<\/a><\/li>\n<li><div class=\"wp-block-latest-posts__featured-image aligncenter\"><img decoding=\"async\" width=\"150\" height=\"150\" src=\"https:\/\/www.lenquetedessens.dealersdescience.com\/wp-content\/uploads\/2020\/11\/portrait-Gautier-Depambour-150x150.jpg\" class=\"attachment-thumbnail size-thumbnail wp-post-image\" alt=\"Portrait de Gautier Depambour devant des cables du Laboratoire Kastler-Brossel.\" style=\"\" \/><\/div><a class=\"wp-block-latest-posts__post-title\" href=\"https:\/\/www.lenquetedessens.dealersdescience.com\/index.php\/2020\/11\/23\/portrait-gautier-depambour\/\">Gautier : une nouvelle histoire de la physique<\/a><\/li>\n<li><div class=\"wp-block-latest-posts__featured-image aligncenter\"><img decoding=\"async\" width=\"150\" height=\"150\" src=\"https:\/\/www.lenquetedessens.dealersdescience.com\/wp-content\/uploads\/2021\/01\/MAA200-150x150.jpg\" class=\"attachment-thumbnail size-thumbnail wp-post-image\" alt=\"L&#039;image est centr\u00e9e sur le haut du corps et le visage de Marie-Aline Andreola. \u00c0 gauche de l&#039;image, un bras repli\u00e9 appartenant \u00e0 une autre personne se fait apercevoir. Les si\u00e8ges sur lesquels i\u00b7elles sont assis\u00b7es sont bleus. Marie-Aline est v\u00eatue d&#039;un haut gris, et d&#039;une veste l\u00e9g\u00e8re noire. Son visage est fin, encadr\u00e9 par une chevelure noire et boucl\u00e9e fournie qui descend jusqu&#039;aux \u00e9paules. Elle sourit, faisant plisser ses yeux. Au-dessus de sa t\u00eate, un carr\u00e9 enfonc\u00e9 dans un mur blanc et perc\u00e9 de trous.\" style=\"\" srcset=\"https:\/\/www.lenquetedessens.dealersdescience.com\/wp-content\/uploads\/2021\/01\/MAA200-150x150.jpg 150w, https:\/\/www.lenquetedessens.dealersdescience.com\/wp-content\/uploads\/2021\/01\/MAA200.jpg 200w\" sizes=\"(max-width: 150px) 100vw, 150px\" \/><\/div><a class=\"wp-block-latest-posts__post-title\" href=\"https:\/\/www.lenquetedessens.dealersdescience.com\/index.php\/2020\/11\/23\/marie-aline-chercheuse-de-petites-betes\/\">Marie-Aline : chercheuse de petites b\u00eates<\/a><\/li>\n<li><div class=\"wp-block-latest-posts__featured-image aligncenter\"><img decoding=\"async\" width=\"150\" height=\"150\" src=\"https:\/\/www.lenquetedessens.dealersdescience.com\/wp-content\/uploads\/2021\/01\/IMG_20201202_1941061-150x150.jpg\" class=\"attachment-thumbnail size-thumbnail wp-post-image\" alt=\"Portrait de Mathilde Monperrus, en noir et blanc. Elle sourit \u00e0 l&#039;objectif.\" style=\"\" \/><\/div><a class=\"wp-block-latest-posts__post-title\" href=\"https:\/\/www.lenquetedessens.dealersdescience.com\/index.php\/2020\/11\/23\/portrait-mathilde-monperrus\/\">Mathilde : chimiste au service de l\u2019environnement<\/a><\/li>\n<li><div class=\"wp-block-latest-posts__featured-image aligncenter\"><img decoding=\"async\" width=\"150\" height=\"150\" src=\"https:\/\/www.lenquetedessens.dealersdescience.com\/wp-content\/uploads\/2020\/11\/4_Morgane_Robert-150x150.jpg\" class=\"attachment-thumbnail size-thumbnail wp-post-image\" alt=\"Potrait de Morgane Robert\" style=\"\" \/><\/div><a class=\"wp-block-latest-posts__post-title\" href=\"https:\/\/www.lenquetedessens.dealersdescience.com\/index.php\/2020\/11\/23\/portrait-morgane-robert\/\">Morgane : une passion bien enracin\u00e9e<\/a><\/li>\n<li><div class=\"wp-block-latest-posts__featured-image aligncenter\"><img decoding=\"async\" width=\"150\" height=\"150\" src=\"https:\/\/www.lenquetedessens.dealersdescience.com\/wp-content\/uploads\/2020\/11\/Photo-Portrait-de-Sebastien-Gnevo-150x150.jpg\" class=\"attachment-thumbnail size-thumbnail wp-post-image\" alt=\"S\u00e9bastien Genvo, un homme \u00e0 la coupe de cheveu ras\u00e9, il est sur un fauteuil en train de sourire. Il poss\u00e8de un T-shirt avec par-dessus un costume et un tour de cou bleu.\" style=\"\" \/><\/div><a class=\"wp-block-latest-posts__post-title\" href=\"https:\/\/www.lenquetedessens.dealersdescience.com\/index.php\/2020\/11\/23\/portrait-sebastien-genvo\/\">S\u00e9bastien : du gaming \u00e0 la recherche<\/a><\/li>\n<li><div class=\"wp-block-latest-posts__featured-image aligncenter\"><img decoding=\"async\" width=\"150\" height=\"150\" src=\"https:\/\/www.lenquetedessens.dealersdescience.com\/wp-content\/uploads\/2020\/11\/Photo-S-Bioulac-150x150.jpg\" class=\"attachment-thumbnail size-thumbnail wp-post-image\" alt=\"Portait photographique de St\u00e9phanie Bioulac, devant un fond flout\u00e9 contenant un sapin de No\u00ebl\" style=\"\" \/><\/div><a class=\"wp-block-latest-posts__post-title\" href=\"https:\/\/www.lenquetedessens.dealersdescience.com\/index.php\/2020\/11\/23\/portrait-stephanie-bioulac\/\">St\u00e9phanie : quand la recherche se fait clinique<\/a><\/li>\n<li><div class=\"wp-block-latest-posts__featured-image aligncenter\"><img decoding=\"async\" width=\"150\" height=\"150\" src=\"https:\/\/www.lenquetedessens.dealersdescience.com\/wp-content\/uploads\/2021\/01\/thumbnail_Ulysse-150x150.jpg\" class=\"attachment-thumbnail size-thumbnail wp-post-image\" alt=\"Photographie d&#039;Ulysse Delabre. C&#039;est un homme souriant aux yeux et cheveux bruns. Il porte une chemise bleu fonc\u00e9e au col largement ouvert. A l&#039;arri\u00e8re on voit un mur moiti\u00e9 bleu, moiti\u00e9 gris.\" style=\"\" srcset=\"https:\/\/www.lenquetedessens.dealersdescience.com\/wp-content\/uploads\/2021\/01\/thumbnail_Ulysse-150x150.jpg 150w, https:\/\/www.lenquetedessens.dealersdescience.com\/wp-content\/uploads\/2021\/01\/thumbnail_Ulysse-300x300.jpg 300w, https:\/\/www.lenquetedessens.dealersdescience.com\/wp-content\/uploads\/2021\/01\/thumbnail_Ulysse.jpg 419w\" sizes=\"(max-width: 150px) 100vw, 150px\" \/><\/div><a class=\"wp-block-latest-posts__post-title\" href=\"https:\/\/www.lenquetedessens.dealersdescience.com\/index.php\/2020\/11\/23\/portrait-ulysse-delabre\/\">Ulysse : la science du doute<\/a><\/li>\n<li><div class=\"wp-block-latest-posts__featured-image aligncenter\"><img decoding=\"async\" width=\"150\" height=\"150\" src=\"https:\/\/www.lenquetedessens.dealersdescience.com\/wp-content\/uploads\/2020\/11\/20190922_151800-150x150.jpg\" class=\"attachment-thumbnail size-thumbnail wp-post-image\" alt=\"Photo de Val\u00e9rie Caillet \u00ab prise dans la mythique biblioth\u00e8que universitaire de Bordeaux 2 \u00bb o\u00f9 elle a suivi son toutes ses \u00e9tudes de sociologie.\" style=\"\" \/><\/div><a class=\"wp-block-latest-posts__post-title\" href=\"https:\/\/www.lenquetedessens.dealersdescience.com\/index.php\/2020\/11\/23\/portrait-valerie-caillet\/\">Val\u00e9rie : recherche en sociologie de l\u2019\u00e9ducation<\/a><\/li>\n<li><div class=\"wp-block-latest-posts__featured-image aligncenter\"><img decoding=\"async\" width=\"150\" height=\"150\" src=\"https:\/\/www.lenquetedessens.dealersdescience.com\/wp-content\/uploads\/2021\/01\/IMG_5610-150x150.jpg\" class=\"attachment-thumbnail size-thumbnail wp-post-image\" alt=\"Portrait de V\u00e9ronique Pallet tout sourire devant une maison de vacances et un beau citronnier.\" style=\"\" \/><\/div><a class=\"wp-block-latest-posts__post-title\" href=\"https:\/\/www.lenquetedessens.dealersdescience.com\/index.php\/2020\/11\/23\/portrait-veronique-pallet\/\">V\u00e9ronique : une alimentation plus saine pour un avenir meilleur<\/a><\/li>\n<li><div class=\"wp-block-latest-posts__featured-image aligncenter\"><img decoding=\"async\" width=\"150\" height=\"150\" src=\"https:\/\/www.lenquetedessens.dealersdescience.com\/wp-content\/uploads\/2020\/11\/Photo3-1-642x1024-1-150x150.jpg\" class=\"attachment-thumbnail size-thumbnail wp-post-image\" alt=\"Xavier Aubriot est assis devant un mur en brique et un pont. Il a des lunettes de soleil sur le dessus de la t\u00eate et sourit.\" style=\"\" \/><\/div><a class=\"wp-block-latest-posts__post-title\" href=\"https:\/\/www.lenquetedessens.dealersdescience.com\/index.php\/2020\/11\/23\/portrait-xavier-aubriot\/\">Xavier : une Histoire de plantes<\/a><\/li>\n<\/ul>\n\n\n<p><a href=\"https:\/\/www.lenquetedessens.dealersdescience.com\/index.php\/ours\/\" data-type=\"URL\" data-id=\"https:\/\/www.lenquetedessens.dealersdescience.com\/index.php\/ours\/\">Ours<\/a><\/p>\n","protected":false},"excerpt":{"rendered":"<p>Portraits Chercheur\u00b7e : un m\u00e9tier qui fait sens Derri\u00e8re le grand mot \u00ab&nbsp;Science&nbsp;\u00bb, se cachent des femmes et des hommes aux parcours tr\u00e8s vari\u00e9s. Chacun\u00b7e ayant une vision particuli\u00e8re de son m\u00e9tier, un moteur pr\u00e9cis, un sujet de recherche qui lui est cher. Les \u00e9tudiant\u00b7es du master M\u00e9diation des sciences en ont rencontr\u00e9 16. Le &hellip;<\/p>\n<p class=\"read-more\"> <a class=\"\" href=\"https:\/\/www.lenquetedessens.dealersdescience.com\/index.php\/portraits-de-chercheures\/\"> <span class=\"screen-reader-text\">Portraits<\/span> Lire la suite\u00a0\u00bb<\/a><\/p>\n","protected":false},"author":8,"featured_media":5784,"parent":0,"menu_order":0,"comment_status":"closed","ping_status":"closed","template":"","meta":{"site-sidebar-layout":"default","site-content-layout":"default","ast-main-header-display":"","ast-hfb-above-header-display":"","ast-hfb-below-header-display":"","ast-hfb-mobile-header-display":"","site-post-title":"","ast-breadcrumbs-content":"","ast-featured-img":"","footer-sml-layout":"","theme-transparent-header-meta":"default","adv-header-id-meta":"","stick-header-meta":"","header-above-stick-meta":"","header-main-stick-meta":"","header-below-stick-meta":"","footnotes":""},"class_list":["post-587","page","type-page","status-publish","has-post-thumbnail","hentry"],"_links":{"self":[{"href":"https:\/\/www.lenquetedessens.dealersdescience.com\/index.php\/wp-json\/wp\/v2\/pages\/587","targetHints":{"allow":["GET"]}}],"collection":[{"href":"https:\/\/www.lenquetedessens.dealersdescience.com\/index.php\/wp-json\/wp\/v2\/pages"}],"about":[{"href":"https:\/\/www.lenquetedessens.dealersdescience.com\/index.php\/wp-json\/wp\/v2\/types\/page"}],"author":[{"embeddable":true,"href":"https:\/\/www.lenquetedessens.dealersdescience.com\/index.php\/wp-json\/wp\/v2\/users\/8"}],"replies":[{"embeddable":true,"href":"https:\/\/www.lenquetedessens.dealersdescience.com\/index.php\/wp-json\/wp\/v2\/comments?post=587"}],"version-history":[{"count":22,"href":"https:\/\/www.lenquetedessens.dealersdescience.com\/index.php\/wp-json\/wp\/v2\/pages\/587\/revisions"}],"predecessor-version":[{"id":6028,"href":"https:\/\/www.lenquetedessens.dealersdescience.com\/index.php\/wp-json\/wp\/v2\/pages\/587\/revisions\/6028"}],"wp:featuredmedia":[{"embeddable":true,"href":"https:\/\/www.lenquetedessens.dealersdescience.com\/index.php\/wp-json\/wp\/v2\/media\/5784"}],"wp:attachment":[{"href":"https:\/\/www.lenquetedessens.dealersdescience.com\/index.php\/wp-json\/wp\/v2\/media?parent=587"}],"curies":[{"name":"wp","href":"https:\/\/api.w.org\/{rel}","templated":true}]}}